{"id":13,"date":"2016-08-25T16:44:38","date_gmt":"2016-08-25T16:44:38","guid":{"rendered":"http:\/\/torrao.net\/cm\/?page_id=13"},"modified":"2024-06-24T13:50:41","modified_gmt":"2024-06-24T13:50:41","slug":"torrao","status":"publish","type":"page","link":"https:\/\/torrao.net\/cm\/torrao\/","title":{"rendered":"Torr\u00e3o"},"content":{"rendered":"<div id=\"pg-13-0\"  class=\"panel-grid\" ><div class=\"panel-grid-core\"><div id=\"pgc-13-0-0\"  class=\"panel-grid-cell  \" ><div class=\"panel-widget-style\" style=\"background: url(&quot;false&quot;) !important; background-position: left top !important; background-repeat: repeat !important; background-size: auto !important; background-attachment: scroll !important;\" >Sobre o Torr\u00e3o<div class=\"textwidget\"><p>A vila do Torr\u00e3o situa-se na freguesia com o mesmo nome, no concelho de Alc\u00e1cer do Sal, distrito de Set\u00fabal.<\/p>\n<p>Pela sua <a href=\"http:\/\/torrao.net\/cm\/localizacao\/\">localiza\u00e7\u00e3o<\/a> est\u00e1 no entanto bastante perto dos distritos de \u00c9vora e Beja - de facto est\u00e1 mais perto de Alc\u00e1\u00e7ovas (14,5 km, distrito de \u00c9vora)\u00a0 e de Ferreira do Alentejo (31 km, distrito de Beja) do que de Alc\u00e1cer do Sal (36 km).<\/p>\n<p>Com uma \u00e1rea de 372,39 km2 esta freguesia \u00e9 a 6\u00aa maior do pa\u00eds, e de acordo com o Censos 2021 a popula\u00e7\u00e3o residente era de 1936 pessoas.<\/p>\n<p>Pode consultar a p\u00e1gina do Torr\u00e3o na Wikipedia clicando <a href=\"https:\/\/pt.wikipedia.org\/wiki\/Torr%C3%A3o_(Alc%C3%A1cer_do_Sal)\" target=\"_blank\" rel=\"noopener\">aqui<\/a>.<\/p>\n<\/div><\/div><div class=\"panel-widget-style\" >Escudo<div class=\"textwidget\"><p><img loading=\"lazy\" decoding=\"async\" class=\"alignnone size-medium wp-image-14\" src=\"http:\/\/torrao.net\/cm\/wp-content\/uploads\/2016\/08\/ASL-torrao-285x300.png\" alt=\"ASL-torrao\" width=\"285\" height=\"300\" srcset=\"https:\/\/torrao.net\/cm\/wp-content\/uploads\/2016\/08\/ASL-torrao-285x300.png 285w, https:\/\/torrao.net\/cm\/wp-content\/uploads\/2016\/08\/ASL-torrao.png 413w\" sizes=\"auto, (max-width: 285px) 100vw, 285px\" \/><\/p>\n<\/div><\/div><\/div><\/div><\/div>","protected":false},"excerpt":{"rendered":"<p>Sobre o Torr\u00e3oA vila do Torr\u00e3o situa-se na freguesia com o mesmo nome, no concelho de Alc\u00e1cer do Sal, distrito de Set\u00fabal. Pela sua localiza\u00e7\u00e3o est\u00e1 no entanto bastante perto dos distritos de \u00c9vora e Beja &#8211; de facto est\u00e1 mais perto de Alc\u00e1\u00e7ovas (14,5 km, distrito de \u00c9vora)\u00a0 e de Ferreira do Alentejo (31&hellip;<\/p>\n<p class=\"more-link\"><a href=\"https:\/\/torrao.net\/cm\/torrao\/\" class=\"themebutton\">Read More<\/a><\/p>\n","protected":false},"author":1,"featured_media":0,"parent":0,"menu_order":0,"comment_status":"closed","ping_status":"closed","template":"","meta":{"_acf_changed":false,"footnotes":""},"categories":[2],"tags":[],"class_list":["post-13","page","type-page","status-publish","hentry","category-torrao"],"acf":[],"_links":{"self":[{"href":"https:\/\/torrao.net\/cm\/wp-json\/wp\/v2\/pages\/13","targetHints":{"allow":["GET"]}}],"collection":[{"href":"https:\/\/torrao.net\/cm\/wp-json\/wp\/v2\/pages"}],"about":[{"href":"https:\/\/torrao.net\/cm\/wp-json\/wp\/v2\/types\/page"}],"author":[{"embeddable":true,"href":"https:\/\/torrao.net\/cm\/wp-json\/wp\/v2\/users\/1"}],"replies":[{"embeddable":true,"href":"https:\/\/torrao.net\/cm\/wp-json\/wp\/v2\/comments?post=13"}],"version-history":[{"count":4,"href":"https:\/\/torrao.net\/cm\/wp-json\/wp\/v2\/pages\/13\/revisions"}],"predecessor-version":[{"id":65,"href":"https:\/\/torrao.net\/cm\/wp-json\/wp\/v2\/pages\/13\/revisions\/65"}],"wp:attachment":[{"href":"https:\/\/torrao.net\/cm\/wp-json\/wp\/v2\/media?parent=13"}],"wp:term":[{"taxonomy":"category","embeddable":true,"href":"https:\/\/torrao.net\/cm\/wp-json\/wp\/v2\/categories?post=13"},{"taxonomy":"post_tag","embeddable":true,"href":"https:\/\/torrao.net\/cm\/wp-json\/wp\/v2\/tags?post=13"}],"curies":[{"name":"wp","href":"https:\/\/api.w.org\/{rel}","templated":true}]}}